{"id":9,"date":"2025-08-05T23:44:50","date_gmt":"2025-08-05T23:44:50","guid":{"rendered":"https:\/\/jcorrealegal.com\/home\/?page_id=9"},"modified":"2025-08-19T16:30:57","modified_gmt":"2025-08-19T21:30:57","slug":"acerca-de","status":"publish","type":"page","link":"https:\/\/jcorrealegal.com\/home\/acerca-de\/","title":{"rendered":"Acerca de"},"content":{"rendered":"\t\t<div data-elementor-type=\"wp-page\" data-elementor-id=\"9\" class=\"elementor elementor-9\">\n\t\t\t\t<div class=\"elementor-element elementor-element-2864778 e-con-full e-flex e-con e-parent\" data-id=\"2864778\" data-element_type=\"container\">\n\t\t\t\t<div class=\"elementor-element elementor-element-7526add elementor-widget elementor-widget-image\" data-id=\"7526add\" data-element_type=\"widget\" data-widget_type=\"image.default\">\n\t\t\t\t\t\t\t\t\t\t\t\t\t\t\t<img fetchpriority=\"high\" decoding=\"async\" width=\"1500\" height=\"582\" src=\"https:\/\/jcorrealegal.com\/home\/wp-content\/uploads\/2025\/08\/BannerSobreNosotros_no_txt.jpg\" class=\"attachment-full size-full wp-image-809\" alt=\"\" srcset=\"https:\/\/jcorrealegal.com\/home\/wp-content\/uploads\/2025\/08\/BannerSobreNosotros_no_txt.jpg 1500w, https:\/\/jcorrealegal.com\/home\/wp-content\/uploads\/2025\/08\/BannerSobreNosotros_no_txt-300x116.jpg 300w, https:\/\/jcorrealegal.com\/home\/wp-content\/uploads\/2025\/08\/BannerSobreNosotros_no_txt-1024x397.jpg 1024w, https:\/\/jcorrealegal.com\/home\/wp-content\/uploads\/2025\/08\/BannerSobreNosotros_no_txt-768x298.jpg 768w\" sizes=\"(max-width: 1500px) 100vw, 1500px\" \/>\t\t\t\t\t\t\t\t\t\t\t\t\t\t\t<\/div>\n\t\t\t\t<\/div>\n\t\t<div class=\"elementor-element elementor-element-4c68447 e-flex e-con-boxed e-con e-parent\" data-id=\"4c68447\" data-element_type=\"container\" data-settings=\"{&quot;background_background&quot;:&quot;classic&quot;}\">\n\t\t\t\t\t<div class=\"e-con-inner\">\n\t\t\t\t<div class=\"elementor-element elementor-element-1bb7a7a elementor-widget elementor-widget-text-editor\" data-id=\"1bb7a7a\" data-element_type=\"widget\" data-widget_type=\"text-editor.default\">\n\t\t\t\t\t\t\t\t\t<p><span style=\"color: #ffffff;\">Somos una firma altamente especializada de abogados apasionados por brindar soluciones legales excepcionales en el \u00e1mbito del derecho comercial internacional, seguros, transporte, litigios, resoluci\u00f3n de disputas, y manejo de riesgos.<\/span><\/p>\t\t\t\t\t\t\t\t<\/div>\n\t\t\t\t\t<\/div>\n\t\t\t\t<\/div>\n\t\t<div class=\"elementor-element elementor-element-e87585b e-flex e-con-boxed e-con e-parent\" data-id=\"e87585b\" data-element_type=\"container\">\n\t\t\t\t\t<div class=\"e-con-inner\">\n\t\t\t\t<div class=\"elementor-element elementor-element-58e06e3 elementor-widget elementor-widget-heading\" data-id=\"58e06e3\" data-element_type=\"widget\" data-widget_type=\"heading.default\">\n\t\t\t\t\t<h2 class=\"elementor-heading-title elementor-size-default\">Lo que nos Distingue<\/h2>\t\t\t\t<\/div>\n\t\t\t\t\t<\/div>\n\t\t\t\t<\/div>\n\t\t<div class=\"elementor-element elementor-element-7d4a932 e-flex e-con-boxed e-con e-parent\" data-id=\"7d4a932\" data-element_type=\"container\">\n\t\t\t\t\t<div class=\"e-con-inner\">\n\t\t\t\t<div class=\"elementor-element elementor-element-92dca02 elementor-widget elementor-widget-text-editor\" data-id=\"92dca02\" data-element_type=\"widget\" data-widget_type=\"text-editor.default\">\n\t\t\t\t\t\t\t\t\t<h3>Especializaci\u00f3n Estrat\u00e9gica<\/h3><p>Nos enfocamos exclusivamente en derecho comercial internacional, seguros, transporte, litigios, resoluci\u00f3n de disputas, y manejo de riesgos.<\/p><h3>Experiencia<\/h3><p>Nuestros abogados han representado con \u00e9xito a clientes en casos complejos de disputas comerciales, seguros, transporte, y litigios y resoluci\u00f3n de disputas en el campo nacional e internacional<\/p><h3>Atenci\u00f3n Personalizada<\/h3><p>Creemos en la cercan\u00eda con nuestros clientes. Escuchamos sus necesidades, comprendemos sus objetivos y adaptamos nuestras estrategias legales en consecuencia.<\/p><h3>Interacci\u00f3n con las nuevas tecnolog\u00edas<\/h3><p>No solo usamos las nuevas tecnolog\u00edas como herramienta, sino que analizamos sus efectos sobre los temas que afectan a nuestros clientes.<\/p>\t\t\t\t\t\t\t\t<\/div>\n\t\t\t\t\t<\/div>\n\t\t\t\t<\/div>\n\t\t<div class=\"elementor-element elementor-element-b0d660c e-grid e-con-boxed e-con e-parent\" data-id=\"b0d660c\" data-element_type=\"container\">\n\t\t\t\t\t<div class=\"e-con-inner\">\n\t\t\t\t<div class=\"elementor-element elementor-element-c173325 elementor-widget elementor-widget-image\" data-id=\"c173325\" data-element_type=\"widget\" data-widget_type=\"image.default\">\n\t\t\t\t\t\t\t\t\t\t\t\t\t\t\t<img decoding=\"async\" width=\"150\" height=\"150\" src=\"https:\/\/jcorrealegal.com\/home\/wp-content\/uploads\/2025\/08\/IconosPromesa1-150x150.png\" class=\"attachment-thumbnail size-thumbnail wp-image-267\" alt=\"\" srcset=\"https:\/\/jcorrealegal.com\/home\/wp-content\/uploads\/2025\/08\/IconosPromesa1-150x150.png 150w, https:\/\/jcorrealegal.com\/home\/wp-content\/uploads\/2025\/08\/IconosPromesa1-300x300.png 300w, https:\/\/jcorrealegal.com\/home\/wp-content\/uploads\/2025\/08\/IconosPromesa1.png 718w\" sizes=\"(max-width: 150px) 100vw, 150px\" \/>\t\t\t\t\t\t\t\t\t\t\t\t\t\t\t<\/div>\n\t\t\t\t<div class=\"elementor-element elementor-element-94ab865 elementor-widget elementor-widget-image\" data-id=\"94ab865\" data-element_type=\"widget\" data-widget_type=\"image.default\">\n\t\t\t\t\t\t\t\t\t\t\t\t\t\t\t<img decoding=\"async\" width=\"150\" height=\"150\" src=\"https:\/\/jcorrealegal.com\/home\/wp-content\/uploads\/2025\/08\/IconosPromesa2-150x150.png\" class=\"attachment-thumbnail size-thumbnail wp-image-268\" alt=\"\" srcset=\"https:\/\/jcorrealegal.com\/home\/wp-content\/uploads\/2025\/08\/IconosPromesa2-150x150.png 150w, https:\/\/jcorrealegal.com\/home\/wp-content\/uploads\/2025\/08\/IconosPromesa2-300x300.png 300w, https:\/\/jcorrealegal.com\/home\/wp-content\/uploads\/2025\/08\/IconosPromesa2.png 718w\" sizes=\"(max-width: 150px) 100vw, 150px\" \/>\t\t\t\t\t\t\t\t\t\t\t\t\t\t\t<\/div>\n\t\t\t\t<div class=\"elementor-element elementor-element-7f277b5 elementor-widget elementor-widget-image\" data-id=\"7f277b5\" data-element_type=\"widget\" data-widget_type=\"image.default\">\n\t\t\t\t\t\t\t\t\t\t\t\t\t\t\t<img loading=\"lazy\" decoding=\"async\" width=\"150\" height=\"150\" src=\"https:\/\/jcorrealegal.com\/home\/wp-content\/uploads\/2025\/08\/IconosPromesa3-150x150.png\" class=\"attachment-thumbnail size-thumbnail wp-image-269\" alt=\"\" srcset=\"https:\/\/jcorrealegal.com\/home\/wp-content\/uploads\/2025\/08\/IconosPromesa3-150x150.png 150w, https:\/\/jcorrealegal.com\/home\/wp-content\/uploads\/2025\/08\/IconosPromesa3-300x300.png 300w, https:\/\/jcorrealegal.com\/home\/wp-content\/uploads\/2025\/08\/IconosPromesa3.png 718w\" sizes=\"(max-width: 150px) 100vw, 150px\" \/>\t\t\t\t\t\t\t\t\t\t\t\t\t\t\t<\/div>\n\t\t\t\t\t<\/div>\n\t\t\t\t<\/div>\n\t\t<div class=\"elementor-element elementor-element-278e606 e-grid e-con-boxed e-con e-parent\" data-id=\"278e606\" data-element_type=\"container\">\n\t\t\t\t\t<div class=\"e-con-inner\">\n\t\t\t\t<div class=\"elementor-element elementor-element-0ec27f5 elementor-widget elementor-widget-text-editor\" data-id=\"0ec27f5\" data-element_type=\"widget\" data-widget_type=\"text-editor.default\">\n\t\t\t\t\t\t\t\t\t<h3 style=\"text-align: center;\"><strong>Excelencia Legal<\/strong><\/h3><p style=\"text-align: center;\">Buscamos la excelencia en cada caso que asumimos.<\/p>\t\t\t\t\t\t\t\t<\/div>\n\t\t\t\t<div class=\"elementor-element elementor-element-764a4df elementor-widget elementor-widget-text-editor\" data-id=\"764a4df\" data-element_type=\"widget\" data-widget_type=\"text-editor.default\">\n\t\t\t\t\t\t\t\t\t<h3 style=\"text-align: center;\"><strong>Integridad<\/strong><\/h3><p style=\"text-align: center;\">Actuamos con honestidad y \u00e9tica en todo momento.<\/p>\t\t\t\t\t\t\t\t<\/div>\n\t\t\t\t<div class=\"elementor-element elementor-element-131c80d elementor-widget elementor-widget-text-editor\" data-id=\"131c80d\" data-element_type=\"widget\" data-widget_type=\"text-editor.default\">\n\t\t\t\t\t\t\t\t\t<h3 style=\"text-align: center;\"><strong>Resultados Medibles<\/strong><\/h3><p style=\"text-align: center;\">Medimos nuestro \u00e9xito por los resultados tangibles que logramos para nuestros clientes.<\/p>\t\t\t\t\t\t\t\t<\/div>\n\t\t\t\t\t<\/div>\n\t\t\t\t<\/div>\n\t\t\t\t<\/div>\n\t\t","protected":false},"excerpt":{"rendered":"<p>Somos una firma altamente especializada de abogados apasionados por brindar soluciones legales excepcionales en el \u00e1mbito del derecho comercial internacional, seguros, transporte, litigios, resoluci\u00f3n de disputas, y manejo de riesgos. Lo que nos Distingue Especializaci\u00f3n Estrat\u00e9gica Nos enfocamos exclusivamente en derecho comercial internacional, seguros, transporte, litigios, resoluci\u00f3n de disputas, y manejo de riesgos. Experiencia Nuestros&hellip;&nbsp;<\/p>\n","protected":false},"author":1,"featured_media":0,"parent":0,"menu_order":0,"comment_status":"closed","ping_status":"closed","template":"page-templates\/template-pagebuilder-full-width.php","meta":{"neve_meta_sidebar":"","neve_meta_container":"","neve_meta_enable_content_width":"on","neve_meta_content_width":100,"neve_meta_title_alignment":"","neve_meta_author_avatar":"","neve_post_elements_order":"","neve_meta_disable_header":"","neve_meta_disable_footer":"","neve_meta_disable_title":"on","neve_meta_reading_time":"","footnotes":""},"class_list":["post-9","page","type-page","status-publish","hentry"],"_links":{"self":[{"href":"https:\/\/jcorrealegal.com\/home\/wp-json\/wp\/v2\/pages\/9","targetHints":{"allow":["GET"]}}],"collection":[{"href":"https:\/\/jcorrealegal.com\/home\/wp-json\/wp\/v2\/pages"}],"about":[{"href":"https:\/\/jcorrealegal.com\/home\/wp-json\/wp\/v2\/types\/page"}],"author":[{"embeddable":true,"href":"https:\/\/jcorrealegal.com\/home\/wp-json\/wp\/v2\/users\/1"}],"replies":[{"embeddable":true,"href":"https:\/\/jcorrealegal.com\/home\/wp-json\/wp\/v2\/comments?post=9"}],"version-history":[{"count":50,"href":"https:\/\/jcorrealegal.com\/home\/wp-json\/wp\/v2\/pages\/9\/revisions"}],"predecessor-version":[{"id":890,"href":"https:\/\/jcorrealegal.com\/home\/wp-json\/wp\/v2\/pages\/9\/revisions\/890"}],"wp:attachment":[{"href":"https:\/\/jcorrealegal.com\/home\/wp-json\/wp\/v2\/media?parent=9"}],"curies":[{"name":"wp","href":"https:\/\/api.w.org\/{rel}","templated":true}]}}